{"id":668,"date":"2010-09-15T08:20:47","date_gmt":"2010-09-15T08:20:47","guid":{"rendered":"http:\/\/elegantthemes.com\/preview\/DeepFocus\/?page_id=233"},"modified":"2016-12-15T10:21:30","modified_gmt":"2016-12-15T09:21:30","slug":"reserver-une-oeuvre","status":"publish","type":"page","link":"https:\/\/artotheque.ec49.info\/?page_id=668","title":{"rendered":"R\u00e9server une oeuvre"},"content":{"rendered":"<p style=\"text-align: justify;\">Un \u00e9tablissement scolaire pourra emprunter un regroupement d\u2019\u0153uvres pour une p\u00e9riode (en g\u00e9n\u00e9ral de vacances \u00e0 vacances).\u00a0Le pr\u00eat des oeuvres de l&#8217;Artoth\u00e8que est totalement<strong> GRATUIT<\/strong>, cependant le demandeur du pr\u00eat se doit de\u00a0respecter\u00a0deux obligations :<\/p>\n<p style=\"text-align: justify;\"><strong><span style=\"color: #33aef3;\">Lesquelles ?<\/span><!--more--><\/strong><\/p>\n<ul style=\"text-align: justify;\">\n<li>dans l\u2019objectif d\u2019une mutualisation\u00a0des exp\u00e9riences, nous vous demandons de garder &#8220;traces&#8221; de ce qui aura \u00e9t\u00e9 v\u00e9cu avec les \u00e9l\u00e8ves et de nous les retourner,\u00a0quelle qu\u2019en soit la nature\u00a0(projets \u00e9crits, photos, mots d\u2019enfants\u2026).<\/li>\n<\/ul>\n<ul style=\"text-align: justify;\">\n<li>afin de permettre au plus grand nombre de d\u00e9couvrir les \u0153uvres de l&#8217;artoth\u00e8que, nous vous demandons d&#8217;informer\u00a0 les coll\u00e8gues de votre r\u00e9seau de leur pr\u00e9sence\u00a0 dans votre \u00e9tablissement.<\/li>\n<\/ul>\n<p style=\"text-align: justify;\">Le retour des \u0153uvres se fera \u00e0 la DDEC. Le chef d\u2019\u00e9tablissement et le pr\u00e9sident d\u2019OGEC garantiront la s\u00e9curit\u00e9 du pr\u00eat.<\/p>\n<p style=\"text-align: justify;\">________________________________________________________________________________________________________________________<!--more--><\/p>\n<p style=\"text-align: justify;\">Afin de pr\u00e9parer au mieux l&#8217;exposition, veuillez prendre connaissance de\u00a0 cette fiche explicative &#8211;&gt; <span style=\"color: #33aef3;\"><strong><a title=\"A Savoir\" href=\"http:\/\/artotheque.ec49.info\/wp-content\/uploads\/2013\/03\/Asavoir.pdf\"><span style=\"color: #33aef3;\">A SAVOIR<\/span><\/a><\/strong><\/span><\/p>\n<p style=\"text-align: justify;\"><strong>Pour r\u00e9server une \u0153uvre, rien de plus simple, il vous suffit de remplir le formulaire ci-dessous :<\/strong><\/p>\n<p style=\"text-align: justify;\">\n<p style=\"text-align: center;\"><strong><a href='https:\/\/docs.google.com\/a\/ec49.fr\/forms\/d\/e\/1FAIpQLSeoffrAYyggeMV92vRbAX48JcrxVsrt7-I3XsNVK2oWfhcN4A\/viewform' class='big-button bigred' target=\"_blank\">FORMULAIRE RESERVATION<\/a> \u00a0<\/strong><\/p>\n","protected":false},"excerpt":{"rendered":"<p>Un \u00e9tablissement scolaire pourra emprunter un regroupement d\u2019\u0153uvres pour une p\u00e9riode (en g\u00e9n\u00e9ral de vacances \u00e0 vacances).\u00a0Le pr\u00eat des oeuvres de l&#8217;Artoth\u00e8que est totalement GRATUIT, cependant le demandeur du pr\u00eat se doit de\u00a0respecter\u00a0deux obligations : Lesquelles ?<\/p>\n","protected":false},"author":1,"featured_media":0,"parent":0,"menu_order":0,"comment_status":"open","ping_status":"open","template":"page-full.php","meta":[],"_links":{"self":[{"href":"https:\/\/artotheque.ec49.info\/index.php?rest_route=\/wp\/v2\/pages\/668"}],"collection":[{"href":"https:\/\/artotheque.ec49.info\/index.php?rest_route=\/wp\/v2\/pages"}],"about":[{"href":"https:\/\/artotheque.ec49.info\/index.php?rest_route=\/wp\/v2\/types\/page"}],"author":[{"embeddable":true,"href":"https:\/\/artotheque.ec49.info\/index.php?rest_route=\/wp\/v2\/users\/1"}],"replies":[{"embeddable":true,"href":"https:\/\/artotheque.ec49.info\/index.php?rest_route=%2Fwp%2Fv2%2Fcomments&post=668"}],"version-history":[{"count":5,"href":"https:\/\/artotheque.ec49.info\/index.php?rest_route=\/wp\/v2\/pages\/668\/revisions"}],"predecessor-version":[{"id":1948,"href":"https:\/\/artotheque.ec49.info\/index.php?rest_route=\/wp\/v2\/pages\/668\/revisions\/1948"}],"wp:attachment":[{"href":"https:\/\/artotheque.ec49.info\/index.php?rest_route=%2Fwp%2Fv2%2Fmedia&parent=668"}],"curies":[{"name":"wp","href":"https:\/\/api.w.org\/{rel}","templated":true}]}}