{"id":235,"date":"2010-09-15T08:21:10","date_gmt":"2010-09-15T08:21:10","guid":{"rendered":"http:\/\/elegantthemes.com\/preview\/DeepFocus\/?page_id=235"},"modified":"2017-04-26T14:25:32","modified_gmt":"2017-04-26T12:25:32","slug":"le-principe","status":"publish","type":"page","link":"https:\/\/artotheque.ec49.info\/?page_id=235","title":{"rendered":"Mode d&#8217;emploi"},"content":{"rendered":"<p style=\"text-align: justify;\">L&#8217;Artoth\u00e8que de la Direction Dios\u00e9saine de l&#8217;Enseignement Catholique (DDEC) du Maine et Loire est compos\u00e9e d&#8217;\u0153uvres originales, aux supports, formats et techniques vari\u00e9s. Elles sont\u00a0 class\u00e9es par th\u00e8mes ou th\u00e9matiques.<\/p>\n<p style=\"text-align: justify;\">Cet outil est mis \u00e0 la disposition de toutes les\u00a0\u00e9quipes p\u00e9dagogiques des \u00e9tablissements de l&#8217;enseignement catholique du Maine et Loire.<\/p>\n<p><strong><span style=\"color: #33aef3;\">Pourquoi\u00a0?<br \/>\n<\/span><\/strong><\/p>\n<p><!--more--><\/p>\n<ul>\n<li>Favoriser l\u2019acc\u00e8s aux \u0153uvres\u00a0pour les enfants de la\u00a0maternelle au coll\u00e8ge, en particulier pour les \u00e9tablissements \u00e9loign\u00e9s des centres culturels ou des mus\u00e9es.<\/li>\n<\/ul>\n<ul>\n<li>Faire\u00a0d\u00e9couvrir diff\u00e9rents modes d\u2019expression.<span style=\"color: #33aef3;\"><br \/>\n<\/span><\/li>\n<\/ul>\n<ul>\n<li>Aider \u00e0 une\u00a0pratique artistique.<span style=\"color: #33aef3;\">\u00a0<\/span><\/li>\n<\/ul>\n<ul>\n<li>Mutualiser des moyens et des comp\u00e9tences\u00a0en favorisant le partenariat entre les enseignants et les professeurs d&#8217;arts plastiques.<\/li>\n<\/ul>\n<p><strong><span style=\"color: #33aef3;\">Comment emprunter\u00a0?<\/span><\/strong><\/p>\n<p>Un \u00e9tablissement pourra emprunter un regroupement d\u2019\u0153uvres pour une p\u00e9riode (en g\u00e9n\u00e9ral de vacances \u00e0 vacances).<\/p>\n<p>La pr\u00e9sentation des \u0153uvres, constituant un regroupement, se fera si possible, dans sa globalit\u00e9.<\/p>\n<p>Les \u0153uvres pourront ensuite \u00eatre s\u00e9par\u00e9es, afin de r\u00e9pondre \u00e0 diverses pr\u00e9occupations ou projets p\u00e9dagogiques des enseignants ou des \u00e9quipes.<\/p>\n<p><span style=\"color: #33aef3;\"><b>Le pr\u00eat sera gratuit, cependant deux obligations\u00a0:<\/b><\/span><\/p>\n<ul>\n<li>dans l\u2019objectif d\u2019une mutualisation des exp\u00e9riences,\u00a0vous nous retournerez une trace\u00a0 de ce qui aura \u00e9t\u00e9 v\u00e9cu avec les \u00e9l\u00e8ves quelle qu\u2019en soit la nature (projets \u00e9crits, photos, mots d\u2019enfants\u2026).<\/li>\n<\/ul>\n<ul>\n<li>afin de permettre au plus grand nombre de faire connaissance avec l\u2019artoth\u00e8que, vous informerez les coll\u00e8gues\u00a0de votre r\u00e9seau de la pr\u00e9sence des \u0153uvres dans votre \u00e9tablissement.<\/li>\n<\/ul>\n<p>Le retour des \u0153uvres se fera \u00e0 la DDEC. Le chef d\u2019\u00e9tablissement et le pr\u00e9sident d\u2019OGEC\u00a0garantiront\u00a0la s\u00e9curit\u00e9 du\u00a0pr\u00eat.<\/p>\n<p><span style=\"color: #33aef3;\"><strong><a title=\"Le Principe\" href=\"http:\/\/artotheque.ec49.info\/wp-content\/uploads\/2013\/03\/Leprincipe.pdf\" target=\"_blank\" rel=\"noopener noreferrer\"><span style=\"color: #33aef3;\">TELECHARGER ICI<\/span><\/a> :<\/strong><\/span> la fiche pratique pour tout conna\u00eetre sur le projet<a href=\"http:\/\/artotheque.ec49.info\/wp-content\/uploads\/2013\/03\/Leprincipe.pdf\"><br \/>\n<\/a><\/p>\n","protected":false},"excerpt":{"rendered":"<p>L&#8217;Artoth\u00e8que de la Direction Dios\u00e9saine de l&#8217;Enseignement Catholique (DDEC) du Maine et Loire est compos\u00e9e d&#8217;\u0153uvres originales, aux supports, formats et techniques vari\u00e9s. Elles sont\u00a0 class\u00e9es par th\u00e8mes ou th\u00e9matiques. Cet outil est mis \u00e0 la disposition de toutes les\u00a0\u00e9quipes p\u00e9dagogiques des \u00e9tablissements de l&#8217;enseignement catholique du Maine et Loire. Pourquoi\u00a0?<\/p>\n","protected":false},"author":1,"featured_media":0,"parent":0,"menu_order":0,"comment_status":"closed","ping_status":"open","template":"page-full.php","meta":[],"_links":{"self":[{"href":"https:\/\/artotheque.ec49.info\/index.php?rest_route=\/wp\/v2\/pages\/235"}],"collection":[{"href":"https:\/\/artotheque.ec49.info\/index.php?rest_route=\/wp\/v2\/pages"}],"about":[{"href":"https:\/\/artotheque.ec49.info\/index.php?rest_route=\/wp\/v2\/types\/page"}],"author":[{"embeddable":true,"href":"https:\/\/artotheque.ec49.info\/index.php?rest_route=\/wp\/v2\/users\/1"}],"replies":[{"embeddable":true,"href":"https:\/\/artotheque.ec49.info\/index.php?rest_route=%2Fwp%2Fv2%2Fcomments&post=235"}],"version-history":[{"count":11,"href":"https:\/\/artotheque.ec49.info\/index.php?rest_route=\/wp\/v2\/pages\/235\/revisions"}],"predecessor-version":[{"id":1962,"href":"https:\/\/artotheque.ec49.info\/index.php?rest_route=\/wp\/v2\/pages\/235\/revisions\/1962"}],"wp:attachment":[{"href":"https:\/\/artotheque.ec49.info\/index.php?rest_route=%2Fwp%2Fv2%2Fmedia&parent=235"}],"curies":[{"name":"wp","href":"https:\/\/api.w.org\/{rel}","templated":true}]}}