{"id":1448,"date":"2013-04-22T12:30:10","date_gmt":"2013-04-22T12:30:10","guid":{"rendered":"http:\/\/artotheque.binhoster.com\/?page_id=1383"},"modified":"2019-06-05T10:11:47","modified_gmt":"2019-06-05T08:11:47","slug":"mentions-legales","status":"publish","type":"page","link":"https:\/\/artotheque.ec49.info\/?page_id=1448","title":{"rendered":"Mentions l\u00e9gales"},"content":{"rendered":"<p><strong>Propri\u00e9taire du site :<\/strong> Direction\u00a0Dioc\u00e9saine\u00a0de l&#8217;Enseignement Catholique du Maine et Loire<\/p>\n<p>Association \u00e0 but non lucratif \u2013 loi 1901<\/p>\n<p><strong>Si\u00e8ge Social :<\/strong> 5 rue du Haut-Pressoir \u2013 49000 ANGERS<\/p>\n<p><strong>Directeur dioc\u00e9sain :<\/strong> Philippe Trillot<\/p>\n<p>&nbsp;<\/p>\n<p>Le site de l&#8217;Artoth\u00e8que 49 a \u00e9t\u00e9 r\u00e9alis\u00e9 par Simon Morini\u00e8re,\u00a0stagiaire\u00a0\u00e0 la DDEC.<\/p>\n<p><strong>Directeur de publication et Responsable \u00e9ditorial :<\/strong> Christelle BELLANGER<\/p>\n<p><strong>Webmasters:<\/strong> Catherine Guinoiseau &#8211; Charline Cl\u00e9mot<\/p>\n<p>&nbsp;<\/p>\n<p><strong>Site h\u00e9berg\u00e9\u00a0 sur un serveur d\u00e9di\u00e9,\u00a0<\/strong><strong><br \/>\n<\/strong>dans les locaux de :<\/p>\n<p>OVH 140, quai du Sartel 59100 Roubaix T\u00e9l 03 20 20 09 57 \u2013 Fax 03 20 20 09 58<\/p>\n<p>Con\u00e7u et r\u00e9alis\u00e9 par Simon Morini\u00e8re avec WordPress, Elegant Theme<\/p>\n<p>&nbsp;<\/p>\n<p><strong>Structuration et r\u00e9daction de l\u2019information :<\/strong>\u00a0Simon Morini\u00e8re &#8211; Marie-Christine Lusseau<\/p>\n<p><strong>Cr\u00e9dits photographiques et vid\u00e9o :<\/strong>\u00a0Groupe de pilotage Artoth\u00e8que<\/p>\n<p><strong>SOS d\u00e9pannages, traduction et miracles en tous genres :<\/strong> Catherine Guinoiseau<\/p>\n<p>L\u2019ensemble du site rel\u00e8ve de la l\u00e9gislation fran\u00e7aise et internationale sur le droit d\u2019auteur et plus largement de la propri\u00e9t\u00e9 intellectuelle.<\/p>\n","protected":false},"excerpt":{"rendered":"<p>Propri\u00e9taire du site : Direction\u00a0Dioc\u00e9saine\u00a0de l&#8217;Enseignement Catholique du Maine et Loire Association \u00e0 but non lucratif \u2013 loi 1901 Si\u00e8ge Social : 5 rue du Haut-Pressoir \u2013 49000 ANGERS Directeur dioc\u00e9sain : Philippe Trillot &nbsp; Le site de l&#8217;Artoth\u00e8que 49 a \u00e9t\u00e9 r\u00e9alis\u00e9 par Simon Morini\u00e8re,\u00a0stagiaire\u00a0\u00e0 la DDEC. Directeur de publication et Responsable \u00e9ditorial : [&hellip;]<\/p>\n","protected":false},"author":1,"featured_media":0,"parent":0,"menu_order":0,"comment_status":"open","ping_status":"open","template":"page-full.php","meta":[],"_links":{"self":[{"href":"https:\/\/artotheque.ec49.info\/index.php?rest_route=\/wp\/v2\/pages\/1448"}],"collection":[{"href":"https:\/\/artotheque.ec49.info\/index.php?rest_route=\/wp\/v2\/pages"}],"about":[{"href":"https:\/\/artotheque.ec49.info\/index.php?rest_route=\/wp\/v2\/types\/page"}],"author":[{"embeddable":true,"href":"https:\/\/artotheque.ec49.info\/index.php?rest_route=\/wp\/v2\/users\/1"}],"replies":[{"embeddable":true,"href":"https:\/\/artotheque.ec49.info\/index.php?rest_route=%2Fwp%2Fv2%2Fcomments&post=1448"}],"version-history":[{"count":8,"href":"https:\/\/artotheque.ec49.info\/index.php?rest_route=\/wp\/v2\/pages\/1448\/revisions"}],"predecessor-version":[{"id":2056,"href":"https:\/\/artotheque.ec49.info\/index.php?rest_route=\/wp\/v2\/pages\/1448\/revisions\/2056"}],"wp:attachment":[{"href":"https:\/\/artotheque.ec49.info\/index.php?rest_route=%2Fwp%2Fv2%2Fmedia&parent=1448"}],"curies":[{"name":"wp","href":"https:\/\/api.w.org\/{rel}","templated":true}]}}